{"id":15139,"date":"2024-11-12T15:25:48","date_gmt":"2024-11-12T15:25:48","guid":{"rendered":"https:\/\/elchinazo.com\/?page_id=15139"},"modified":"2024-12-16T01:17:47","modified_gmt":"2024-12-16T01:17:47","slug":"noticias-dromega","status":"publish","type":"page","link":"https:\/\/drogueriamega.com\/web\/noticias-dromega\/","title":{"rendered":"Noticias Dromega"},"content":{"rendered":"\t\t<div data-elementor-type=\"wp-page\" data-elementor-id=\"15139\" class=\"elementor elementor-15139\">\n\t\t\t\t\t\t<section class=\"elementor-section elementor-top-section elementor-element elementor-element-c083e7e elementor-section-full_width elementor-section-height-min-height elementor-section-height-default elementor-section-items-middle\" data-id=\"c083e7e\" data-element_type=\"section\" data-settings=\"{&quot;background_background&quot;:&quot;classic&quot;}\">\n\t\t\t\t\t\t<div class=\"elementor-container elementor-column-gap-no\">\n\t\t\t\t\t<div class=\"elementor-column elementor-col-100 elementor-top-column elementor-element elementor-element-8e39d59\" data-id=\"8e39d59\" data-element_type=\"column\">\n\t\t\t<div class=\"elementor-widget-wrap\">\n\t\t\t\t\t\t\t<\/div>\n\t\t<\/div>\n\t\t\t\t\t<\/div>\n\t\t<\/section>\n\t\t<div class=\"elementor-element elementor-element-cc2f296 e-flex e-con-boxed e-con e-parent\" data-id=\"cc2f296\" data-element_type=\"container\">\n\t\t\t\t\t<div class=\"e-con-inner\">\n\t\t\t\t<div class=\"elementor-element elementor-element-37fa229 elementor-widget elementor-widget-qi_addons_for_elementor_blog_list\" data-id=\"37fa229\" data-element_type=\"widget\" data-widget_type=\"qi_addons_for_elementor_blog_list.default\">\n\t\t\t\t<div class=\"elementor-widget-container\">\n\t\t\t<div class=\"qodef-shortcode qodef-m  qodef-addons-blog-list qodef-info-no-icons  qodef-image--hover-zoom   qodef-qi-grid qodef-layout--qi-columns  qodef-col-num--3  qodef-item-layout--boxed qodef-responsive--predefined\" >\n\t<div class=\"qodef-grid-inner\">\n\t\t<article class=\"qodef-e qodef-blog-item qodef-grid-item qodef-item--full post-5576 post type-post status-publish format-standard has-post-thumbnail hentry category-noticias-dromega tag-corporativas tag-innovaciones\">\n\t<div class=\"qodef-e-inner\">\n\t\t<div class=\"qodef-e-media-holder\">\n\t\t\t<div class=\"qodef-e-media\">\n\t\t<div class=\"qodef-e-media-image\">\n\t\t<a itemprop=\"url\" href=\"https:\/\/drogueriamega.com\/web\/lanzamiento-de-lactobac-plus-un-nuevo-paso-hacia-el-bienestar\/\">\n\t\t\t<img fetchpriority=\"high\" decoding=\"async\" width=\"1900\" height=\"768\" src=\"https:\/\/drogueriamega.com\/web\/wp-content\/uploads\/2024\/12\/Probioticca-merida-venezuela-DROMEGA-1.jpg\" class=\"attachment-full size-full\" alt=\"\" srcset=\"https:\/\/drogueriamega.com\/web\/wp-content\/uploads\/2024\/12\/Probioticca-merida-venezuela-DROMEGA-1.jpg 1900w, https:\/\/drogueriamega.com\/web\/wp-content\/uploads\/2024\/12\/Probioticca-merida-venezuela-DROMEGA-1-300x121.jpg 300w, https:\/\/drogueriamega.com\/web\/wp-content\/uploads\/2024\/12\/Probioticca-merida-venezuela-DROMEGA-1-1024x414.jpg 1024w, https:\/\/drogueriamega.com\/web\/wp-content\/uploads\/2024\/12\/Probioticca-merida-venezuela-DROMEGA-1-768x310.jpg 768w, https:\/\/drogueriamega.com\/web\/wp-content\/uploads\/2024\/12\/Probioticca-merida-venezuela-DROMEGA-1-1536x621.jpg 1536w\" sizes=\"(max-width: 1900px) 100vw, 1900px\" \/>\t\t<\/a>\n\t\t\t<\/div>\n<\/div>\n\t\t<\/div>\n\t\t<div class=\"qodef-e-content\">\n\t\t\t\t\t\t\t<div class=\"qodef-e-info qodef-info--top\">\n\t\t\t\t\t<div class=\"qodef-e-info-item qodef-e-info-category\">\n\t\t<a href=\"https:\/\/drogueriamega.com\/web\/category\/noticias-dromega\/\" rel=\"category tag\">Noticias Dromega<\/a><\/div>\n\t\t\t\t<\/div>\n\t\t\t\t\t\t<div class=\"qodef-e-text\">\n\t\t\t\t<h3 itemprop=\"name\" class=\"qodef-e-title entry-title\">\n\t<a itemprop=\"url\" class=\"qodef-e-title-link\" href=\"https:\/\/drogueriamega.com\/web\/lanzamiento-de-lactobac-plus-un-nuevo-paso-hacia-el-bienestar\/\">\n\t\t\u00a1Lanzamiento de Lactovac\u00a0+!  Un nuevo paso hacia el bienestar\t<\/a>\n<\/h3>\n\t\t<p itemprop=\"description\" class=\"qodef-e-excerpt\">\n\t\t\tEn DROMEGA nos complace anunciar la llegada de Lactovac + de la mano de Probiotic C.A., este es un nuevo producto en la categor\u00eda de los alimentos funcionales dise\u00f1ado para promo\t\t<\/p>\n\t\t\t\t<\/div>\n\t\t\t\t\t\t\t<div class=\"qodef-e-info qodef-info--bottom\">\n\t\t\t\t\t\t<div class=\"qodef-e-read-more\">\n\t\t<a class=\"qodef-shortcode qodef-m  qodef-qi-button qodef-html--link qodef-layout--filled qodef-type--standard   qodef-icon--right qodef-hover--icon-move-horizontal-short     \" href=\"https:\/\/drogueriamega.com\/web\/lanzamiento-de-lactobac-plus-un-nuevo-paso-hacia-el-bienestar\/\" target=\"_self\">\t<span class=\"qodef-m-text\">Leer Noticia<\/span>\t<\/a>\t<\/div>\n\t\t\t\t<\/div>\n\t\t\t\t\t<\/div>\n\t<\/div>\n<\/article>\n<article class=\"qodef-e qodef-blog-item qodef-grid-item qodef-item--full post-5572 post type-post status-publish format-standard has-post-thumbnail hentry category-noticias-dromega tag-innovaciones\">\n\t<div class=\"qodef-e-inner\">\n\t\t<div class=\"qodef-e-media-holder\">\n\t\t\t<div class=\"qodef-e-media\">\n\t\t<div class=\"qodef-e-media-image\">\n\t\t<a itemprop=\"url\" href=\"https:\/\/drogueriamega.com\/web\/dromega-refuerza-su-compromiso-con-la-innovacion-tecnologica\/\">\n\t\t\t<img decoding=\"async\" width=\"2138\" height=\"828\" src=\"https:\/\/drogueriamega.com\/web\/wp-content\/uploads\/2024\/12\/dromega-portal.jpg\" class=\"attachment-full size-full\" alt=\"\" srcset=\"https:\/\/drogueriamega.com\/web\/wp-content\/uploads\/2024\/12\/dromega-portal.jpg 2138w, https:\/\/drogueriamega.com\/web\/wp-content\/uploads\/2024\/12\/dromega-portal-300x116.jpg 300w, https:\/\/drogueriamega.com\/web\/wp-content\/uploads\/2024\/12\/dromega-portal-1024x397.jpg 1024w, https:\/\/drogueriamega.com\/web\/wp-content\/uploads\/2024\/12\/dromega-portal-768x297.jpg 768w, https:\/\/drogueriamega.com\/web\/wp-content\/uploads\/2024\/12\/dromega-portal-1536x595.jpg 1536w, https:\/\/drogueriamega.com\/web\/wp-content\/uploads\/2024\/12\/dromega-portal-2048x793.jpg 2048w\" sizes=\"(max-width: 2138px) 100vw, 2138px\" \/>\t\t<\/a>\n\t\t\t<\/div>\n<\/div>\n\t\t<\/div>\n\t\t<div class=\"qodef-e-content\">\n\t\t\t\t\t\t\t<div class=\"qodef-e-info qodef-info--top\">\n\t\t\t\t\t<div class=\"qodef-e-info-item qodef-e-info-category\">\n\t\t<a href=\"https:\/\/drogueriamega.com\/web\/category\/noticias-dromega\/\" rel=\"category tag\">Noticias Dromega<\/a><\/div>\n\t\t\t\t<\/div>\n\t\t\t\t\t\t<div class=\"qodef-e-text\">\n\t\t\t\t<h3 itemprop=\"name\" class=\"qodef-e-title entry-title\">\n\t<a itemprop=\"url\" class=\"qodef-e-title-link\" href=\"https:\/\/drogueriamega.com\/web\/dromega-refuerza-su-compromiso-con-la-innovacion-tecnologica\/\">\n\t\tDROMEGA refuerza su compromiso con la innovaci\u00f3n tecnol\u00f3gica\t<\/a>\n<\/h3>\n\t\t<p itemprop=\"description\" class=\"qodef-e-excerpt\">\n\t\t\tEn un mundo que cambia constantemente, en DROMEGA hemos adoptado la tecnolog\u00eda como un pilar clave para garantizar que nuestros clientes reciban un servicio \u00e1gil, eficiente y ada\t\t<\/p>\n\t\t\t\t<\/div>\n\t\t\t\t\t\t\t<div class=\"qodef-e-info qodef-info--bottom\">\n\t\t\t\t\t\t<div class=\"qodef-e-read-more\">\n\t\t<a class=\"qodef-shortcode qodef-m  qodef-qi-button qodef-html--link qodef-layout--filled qodef-type--standard   qodef-icon--right qodef-hover--icon-move-horizontal-short     \" href=\"https:\/\/drogueriamega.com\/web\/dromega-refuerza-su-compromiso-con-la-innovacion-tecnologica\/\" target=\"_self\">\t<span class=\"qodef-m-text\">Leer Noticia<\/span>\t<\/a>\t<\/div>\n\t\t\t\t<\/div>\n\t\t\t\t\t<\/div>\n\t<\/div>\n<\/article>\n<article class=\"qodef-e qodef-blog-item qodef-grid-item qodef-item--full post-5574 post type-post status-publish format-standard has-post-thumbnail hentry category-noticias-dromega tag-eventos tag-marketing tag-medicamentos\">\n\t<div class=\"qodef-e-inner\">\n\t\t<div class=\"qodef-e-media-holder\">\n\t\t\t<div class=\"qodef-e-media\">\n\t\t<div class=\"qodef-e-media-image\">\n\t\t<a itemprop=\"url\" href=\"https:\/\/drogueriamega.com\/web\/dromega-celebra-23-anos-transformando-la-salud-en-el-occidente-venezolano\/\">\n\t\t\t<img decoding=\"async\" width=\"2430\" height=\"835\" src=\"https:\/\/drogueriamega.com\/web\/wp-content\/uploads\/2024\/12\/dromega-occidente-santa-ana-de-coro-foto-Boanerges-Perez-.jpg\" class=\"attachment-full size-full\" alt=\"Domega occidente santa ana de coro foto Boanerges Perez\" srcset=\"https:\/\/drogueriamega.com\/web\/wp-content\/uploads\/2024\/12\/dromega-occidente-santa-ana-de-coro-foto-Boanerges-Perez-.jpg 2430w, https:\/\/drogueriamega.com\/web\/wp-content\/uploads\/2024\/12\/dromega-occidente-santa-ana-de-coro-foto-Boanerges-Perez--300x103.jpg 300w, https:\/\/drogueriamega.com\/web\/wp-content\/uploads\/2024\/12\/dromega-occidente-santa-ana-de-coro-foto-Boanerges-Perez--1024x352.jpg 1024w, https:\/\/drogueriamega.com\/web\/wp-content\/uploads\/2024\/12\/dromega-occidente-santa-ana-de-coro-foto-Boanerges-Perez--768x264.jpg 768w, https:\/\/drogueriamega.com\/web\/wp-content\/uploads\/2024\/12\/dromega-occidente-santa-ana-de-coro-foto-Boanerges-Perez--1536x528.jpg 1536w, https:\/\/drogueriamega.com\/web\/wp-content\/uploads\/2024\/12\/dromega-occidente-santa-ana-de-coro-foto-Boanerges-Perez--2048x704.jpg 2048w\" sizes=\"(max-width: 2430px) 100vw, 2430px\" \/>\t\t<\/a>\n\t\t\t<\/div>\n<\/div>\n\t\t<\/div>\n\t\t<div class=\"qodef-e-content\">\n\t\t\t\t\t\t\t<div class=\"qodef-e-info qodef-info--top\">\n\t\t\t\t\t<div class=\"qodef-e-info-item qodef-e-info-category\">\n\t\t<a href=\"https:\/\/drogueriamega.com\/web\/category\/noticias-dromega\/\" rel=\"category tag\">Noticias Dromega<\/a><\/div>\n\t\t\t\t<\/div>\n\t\t\t\t\t\t<div class=\"qodef-e-text\">\n\t\t\t\t<h3 itemprop=\"name\" class=\"qodef-e-title entry-title\">\n\t<a itemprop=\"url\" class=\"qodef-e-title-link\" href=\"https:\/\/drogueriamega.com\/web\/dromega-celebra-23-anos-transformando-la-salud-en-el-occidente-venezolano\/\">\n\t\tDROMEGA celebra 23 a\u00f1os transformando la salud en el occidente venezolano\t<\/a>\n<\/h3>\n\t\t<p itemprop=\"description\" class=\"qodef-e-excerpt\">\n\t\t\tEste mes, en DROMEGA conmemoramos un hito significativo: 23 a\u00f1os de servicio, esfuerzo y compromiso. Desde nuestros humildes comienzos hasta convertirnos en un pilar de la salud e\t\t<\/p>\n\t\t\t\t<\/div>\n\t\t\t\t\t\t\t<div class=\"qodef-e-info qodef-info--bottom\">\n\t\t\t\t\t\t<div class=\"qodef-e-read-more\">\n\t\t<a class=\"qodef-shortcode qodef-m  qodef-qi-button qodef-html--link qodef-layout--filled qodef-type--standard   qodef-icon--right qodef-hover--icon-move-horizontal-short     \" href=\"https:\/\/drogueriamega.com\/web\/dromega-celebra-23-anos-transformando-la-salud-en-el-occidente-venezolano\/\" target=\"_self\">\t<span class=\"qodef-m-text\">Leer Noticia<\/span>\t<\/a>\t<\/div>\n\t\t\t\t<\/div>\n\t\t\t\t\t<\/div>\n\t<\/div>\n<\/article>\n\t<\/div>\n\t<\/div>\n\t\t<\/div>\n\t\t\t\t<\/div>\n\t\t\t\t\t<\/div>\n\t\t\t\t<\/div>\n\t\t\t\t<\/div>\n\t\t","protected":false},"excerpt":{"rendered":"<p>Noticias Dromega \u00a1Lanzamiento de Lactovac\u00a0+! Un nuevo paso hacia el bienestar En DROMEGA nos complace anunciar la llegada de Lactovac + de la mano de Probiotic C.A., este es un nuevo producto en la categor\u00eda de los alimentos funcionales dise\u00f1ado para promo Leer Noticia Noticias Dromega DROMEGA refuerza su compromiso con la innovaci\u00f3n tecnol\u00f3gica En [&hellip;]<\/p>\n","protected":false},"author":7,"featured_media":0,"parent":0,"menu_order":0,"comment_status":"closed","ping_status":"closed","template":"page-full-width.php","meta":{"footnotes":""},"class_list":["post-15139","page","type-page","status-publish","hentry"],"_links":{"self":[{"href":"https:\/\/drogueriamega.com\/web\/wp-json\/wp\/v2\/pages\/15139","targetHints":{"allow":["GET"]}}],"collection":[{"href":"https:\/\/drogueriamega.com\/web\/wp-json\/wp\/v2\/pages"}],"about":[{"href":"https:\/\/drogueriamega.com\/web\/wp-json\/wp\/v2\/types\/page"}],"author":[{"embeddable":true,"href":"https:\/\/drogueriamega.com\/web\/wp-json\/wp\/v2\/users\/7"}],"replies":[{"embeddable":true,"href":"https:\/\/drogueriamega.com\/web\/wp-json\/wp\/v2\/comments?post=15139"}],"version-history":[{"count":13,"href":"https:\/\/drogueriamega.com\/web\/wp-json\/wp\/v2\/pages\/15139\/revisions"}],"predecessor-version":[{"id":15224,"href":"https:\/\/drogueriamega.com\/web\/wp-json\/wp\/v2\/pages\/15139\/revisions\/15224"}],"wp:attachment":[{"href":"https:\/\/drogueriamega.com\/web\/wp-json\/wp\/v2\/media?parent=15139"}],"curies":[{"name":"wp","href":"https:\/\/api.w.org\/{rel}","templated":true}]}}